{"id":231,"date":"2023-05-13T22:04:56","date_gmt":"2023-05-13T22:04:56","guid":{"rendered":"http:\/\/manuelacosta.es.s111-117.furanet.com\/?page_id=231"},"modified":"2023-12-21T15:11:13","modified_gmt":"2023-12-21T15:11:13","slug":"quienes-somos","status":"publish","type":"page","link":"https:\/\/manuelacosta.es\/en\/quienes-somos\/","title":{"rendered":"Quienes somos"},"content":{"rendered":"\t\t<div data-elementor-type=\"wp-page\" data-elementor-id=\"231\" class=\"elementor elementor-231\" data-elementor-post-type=\"page\">\n\t\t\t\t\t\t<section class=\"elementor-section elementor-top-section elementor-element elementor-element-08e6c8f elementor-section-full_width elementor-section-height-min-height elementor-section-height-default elementor-section-items-middle\" data-id=\"08e6c8f\" data-element_type=\"section\" data-e-type=\"section\" data-settings=\"{&quot;background_background&quot;:&quot;classic&quot;}\">\n\t\t\t\t\t\t\t<div class=\"elementor-background-overlay\"><\/div>\n\t\t\t\t\t\t\t<div class=\"elementor-container elementor-column-gap-default\">\n\t\t\t\t\t<div class=\"elementor-column elementor-col-100 elementor-top-column elementor-element elementor-element-8831a54\" data-id=\"8831a54\" data-element_type=\"column\" data-e-type=\"column\">\n\t\t\t<div class=\"elementor-widget-wrap elementor-element-populated\">\n\t\t\t\t\t\t<div class=\"elementor-element elementor-element-51570ac5 elementor-widget elementor-widget-jkit_heading\" data-id=\"51570ac5\" data-element_type=\"widget\" data-e-type=\"widget\" data-settings=\"{&quot;motion_fx_motion_fx_scrolling&quot;:&quot;yes&quot;,&quot;motion_fx_devices&quot;:[&quot;desktop&quot;,&quot;tablet&quot;,&quot;mobile&quot;]}\" data-widget_type=\"jkit_heading.default\">\n\t\t\t\t<div class=\"elementor-widget-container\">\n\t\t\t\t\t<div  class=\"jeg-elementor-kit jkit-heading  align-center align-tablet- align-mobile- jeg_module___69fca757b5a4c\" ><div class=\"heading-section-title  display-inline-block\"><h2 class=\"heading-title\">Sobre nosotros<\/h2><\/div><div class=\"heading-section-separator\"><div class=\"separator-wrapper style-solid\"><\/div><\/div><\/div>\t\t\t\t<\/div>\n\t\t\t\t<\/div>\n\t\t\t\t\t<\/div>\n\t\t<\/div>\n\t\t\t\t\t<\/div>\n\t\t<\/section>\n\t\t\t\t<section class=\"elementor-section elementor-top-section elementor-element elementor-element-101f3b8e elementor-section-boxed elementor-section-height-default elementor-section-height-default\" data-id=\"101f3b8e\" data-element_type=\"section\" data-e-type=\"section\">\n\t\t\t\t\t\t<div class=\"elementor-container elementor-column-gap-default\">\n\t\t\t\t\t<div class=\"elementor-column elementor-col-100 elementor-top-column elementor-element elementor-element-38dc8c76\" data-id=\"38dc8c76\" data-element_type=\"column\" data-e-type=\"column\">\n\t\t\t<div class=\"elementor-widget-wrap elementor-element-populated\">\n\t\t\t\t\t\t<div class=\"elementor-element elementor-element-4496a971 elementor-widget elementor-widget-jkit_heading\" data-id=\"4496a971\" data-element_type=\"widget\" data-e-type=\"widget\" data-settings=\"{&quot;motion_fx_motion_fx_scrolling&quot;:&quot;yes&quot;,&quot;motion_fx_devices&quot;:[&quot;desktop&quot;,&quot;tablet&quot;,&quot;mobile&quot;]}\" data-widget_type=\"jkit_heading.default\">\n\t\t\t\t<div class=\"elementor-widget-container\">\n\t\t\t\t\t<div  class=\"jeg-elementor-kit jkit-heading  align-left align-tablet- align-mobile- jeg_module__1_69fca757b66b7\" ><h3 class=\"heading-section-subtitle  style-color\">CONOCENOS<\/h3><div class=\"heading-section-title  display-inline-block\"><h2 class=\"heading-title\">M\u00e1s de 100 a\u00f1os de tradici\u00f3n<\/h2><\/div><div class=\"heading-section-separator\"><div class=\"separator-wrapper style-solid\"><\/div><\/div><\/div>\t\t\t\t<\/div>\n\t\t\t\t<\/div>\n\t\t\t\t<section class=\"elementor-section elementor-inner-section elementor-element elementor-element-689efd6 elementor-section-boxed elementor-section-height-default elementor-section-height-default\" data-id=\"689efd6\" data-element_type=\"section\" data-e-type=\"section\">\n\t\t\t\t\t\t<div class=\"elementor-container elementor-column-gap-default\">\n\t\t\t\t\t<div class=\"elementor-column elementor-col-50 elementor-inner-column elementor-element elementor-element-5cdd88f\" data-id=\"5cdd88f\" data-element_type=\"column\" data-e-type=\"column\">\n\t\t\t<div class=\"elementor-widget-wrap elementor-element-populated\">\n\t\t\t\t\t\t<div class=\"elementor-element elementor-element-f601b07 elementor-widget elementor-widget-text-editor\" data-id=\"f601b07\" data-element_type=\"widget\" data-e-type=\"widget\" data-widget_type=\"text-editor.default\">\n\t\t\t\t<div class=\"elementor-widget-container\">\n\t\t\t\t\t\t\t\t\t<p>Nuestra memoria llega hasta finales del siglo XIX cuando en la calle de \u00bb Las Morenas\u00bb (hoy Ram\u00f3n Au\u00f1on) y a escasos 100 Metros de la plaza del ayuntamiento de Mor\u00f3n de la Frontera exist\u00eda un comercio dedicado a la talabarter\u00eda que regentaba Juan Mart\u00ednez y que contaba con la ayuda en ocasiones de su mujer Elisa, este comercio se dedicaba a la elaboraci\u00f3n y reparaci\u00f3n de correajes y dem\u00e1s aparejos para los animales que trabajaban en el campo, ya de j\u00f3ven su hijo Joaqu\u00edn Mart\u00ednez Soto continu\u00f3 con la labor de talabartero y en la primera mitad del siglo XX comenz\u00f3 con la tarea de reparar calzado para despu\u00e9s transformar el negocio en almac\u00e9n de curtidos con el objeto de abastecer a una creciente industria relacionada con el calzado.<br \/><br \/>El 26 de Noviembre de 1951 y a la edad de 46 a\u00f1os fallece Joaqu\u00edn dejando a su viuda Rosario S\u00e1nchez Chaparro al frente del floreciente negocio y sin sucesor directo que continuara, por ello solicit\u00f3 a su Hermana Pilar que dispusiera el traslado de su primog\u00e9nito Manuel Acosta S\u00e1nchez que contaba entonces con 15 a\u00f1os para que se pusiera al frente del negocio familiar.<\/p>\t\t\t\t\t\t\t\t<\/div>\n\t\t\t\t<\/div>\n\t\t\t\t\t<\/div>\n\t\t<\/div>\n\t\t\t\t<div class=\"elementor-column elementor-col-50 elementor-inner-column elementor-element elementor-element-3ba5a673\" data-id=\"3ba5a673\" data-element_type=\"column\" data-e-type=\"column\">\n\t\t\t<div class=\"elementor-widget-wrap elementor-element-populated\">\n\t\t\t\t\t\t<div class=\"elementor-element elementor-element-22e9feb1 elementor-widget elementor-widget-text-editor\" data-id=\"22e9feb1\" data-element_type=\"widget\" data-e-type=\"widget\" data-widget_type=\"text-editor.default\">\n\t\t\t\t<div class=\"elementor-widget-container\">\n\t\t\t\t\t\t\t\t\t<p>Manuel contin\u00fao con el negocio heredado y comenz\u00f3 a producir diferentes art\u00edculos entre ellos cinturones y tirantes, adem\u00e1s de convertirse en almac\u00e9n de maletas para viaje, colegial, estuches para regalo, monederos, bolsos de paseo, costureros e infinidad de productos de diversos materiales que suministraba a las tiendas del ramo.<br \/><br \/>En 1987 \u00abAcosta\u00bb se traslado y logro reunir taller, almac\u00e9n y oficinas (hasta entonces dispersas) en un mismo edificio de 1.500 m2 que cuenta con aparcamiento privado para clientes y proveedores adem\u00e1s de zona de ocio y se encuentra situado en el pleno casco hist\u00f3rico de la ciudad.<br \/><br \/>En el a\u00f1o 1991 Manuel Acosta formalizo la sociedad junto a su mujer y sus dos hijos Jos\u00e9 e Isabel y estos tomaron el testigo tras el fallecimiento de Manuel el 1 de Mayo de 2001.<br \/>Actualmente \u00abAcosta\u00bb cuenta con varias l\u00edneas de producci\u00f3n; art\u00edculos flamencos, cinturones para caballero, mujer y ni\u00f1o, pa\u00f1uelos y fulares, complementos unisex e iniciando una nueva andadura en lo relativo a la fabricaci\u00f3n de productos para el sector de uniformidad y laboral.<\/p>\t\t\t\t\t\t\t\t<\/div>\n\t\t\t\t<\/div>\n\t\t\t\t\t<\/div>\n\t\t<\/div>\n\t\t\t\t\t<\/div>\n\t\t<\/section>\n\t\t\t\t\t<\/div>\n\t\t<\/div>\n\t\t\t\t\t<\/div>\n\t\t<\/section>\n\t\t\t\t<section class=\"elementor-section elementor-top-section elementor-element elementor-element-ba1f25a elementor-section-boxed elementor-section-height-default elementor-section-height-default\" data-id=\"ba1f25a\" data-element_type=\"section\" data-e-type=\"section\">\n\t\t\t\t\t\t<div class=\"elementor-container elementor-column-gap-default\">\n\t\t\t\t\t<div class=\"elementor-column elementor-col-100 elementor-top-column elementor-element elementor-element-6269fcf\" data-id=\"6269fcf\" data-element_type=\"column\" data-e-type=\"column\">\n\t\t\t<div class=\"elementor-widget-wrap elementor-element-populated\">\n\t\t\t\t\t\t<div class=\"elementor-element elementor-element-f08719a elementor-widget elementor-widget-gallery\" data-id=\"f08719a\" data-element_type=\"widget\" data-e-type=\"widget\" data-settings=\"{&quot;lazyload&quot;:&quot;yes&quot;,&quot;gallery_layout&quot;:&quot;grid&quot;,&quot;columns&quot;:4,&quot;columns_tablet&quot;:2,&quot;columns_mobile&quot;:1,&quot;gap&quot;:{&quot;unit&quot;:&quot;px&quot;,&quot;size&quot;:10,&quot;sizes&quot;:[]},&quot;gap_tablet&quot;:{&quot;unit&quot;:&quot;px&quot;,&quot;size&quot;:10,&quot;sizes&quot;:[]},&quot;gap_mobile&quot;:{&quot;unit&quot;:&quot;px&quot;,&quot;size&quot;:10,&quot;sizes&quot;:[]},&quot;link_to&quot;:&quot;file&quot;,&quot;aspect_ratio&quot;:&quot;3:2&quot;,&quot;overlay_background&quot;:&quot;yes&quot;,&quot;content_hover_animation&quot;:&quot;fade-in&quot;}\" data-widget_type=\"gallery.default\">\n\t\t\t\t<div class=\"elementor-widget-container\">\n\t\t\t\t\t\t\t<div class=\"elementor-gallery__container\">\n\t\t\t\t\t\t\t<a class=\"e-gallery-item elementor-gallery-item elementor-animated-content\" href=\"https:\/\/manuelacosta.es\/wp-content\/uploads\/2023\/05\/1.png\" data-elementor-open-lightbox=\"yes\" data-elementor-lightbox-slideshow=\"f08719a\" data-elementor-lightbox-title=\"1\" data-e-action-hash=\"#elementor-action%3Aaction%3Dlightbox%26settings%3DeyJpZCI6MjU2LCJ1cmwiOiJodHRwczpcL1wvbWFudWVsYWNvc3RhLmVzXC93cC1jb250ZW50XC91cGxvYWRzXC8yMDIzXC8wNVwvMS5wbmciLCJzbGlkZXNob3ciOiJmMDg3MTlhIn0%3D\">\n\t\t\t\t\t<div class=\"e-gallery-image elementor-gallery-item__image\" data-thumbnail=\"https:\/\/manuelacosta.es\/wp-content\/uploads\/2023\/05\/1-206x300.png\" data-width=\"206\" data-height=\"300\" aria-label=\"\" role=\"img\" ><\/div>\n\t\t\t\t\t\t\t\t\t\t\t<div class=\"elementor-gallery-item__overlay\"><\/div>\n\t\t\t\t\t\t\t\t\t\t\t\t\t\t<\/a>\n\t\t\t\t\t\t\t<a class=\"e-gallery-item elementor-gallery-item elementor-animated-content\" href=\"https:\/\/manuelacosta.es\/wp-content\/uploads\/2023\/05\/2.png\" data-elementor-open-lightbox=\"yes\" data-elementor-lightbox-slideshow=\"f08719a\" data-elementor-lightbox-title=\"2\" data-e-action-hash=\"#elementor-action%3Aaction%3Dlightbox%26settings%3DeyJpZCI6MjU3LCJ1cmwiOiJodHRwczpcL1wvbWFudWVsYWNvc3RhLmVzXC93cC1jb250ZW50XC91cGxvYWRzXC8yMDIzXC8wNVwvMi5wbmciLCJzbGlkZXNob3ciOiJmMDg3MTlhIn0%3D\">\n\t\t\t\t\t<div class=\"e-gallery-image elementor-gallery-item__image\" data-thumbnail=\"https:\/\/manuelacosta.es\/wp-content\/uploads\/2023\/05\/2-300x190.png\" data-width=\"300\" data-height=\"190\" aria-label=\"\" role=\"img\" ><\/div>\n\t\t\t\t\t\t\t\t\t\t\t<div class=\"elementor-gallery-item__overlay\"><\/div>\n\t\t\t\t\t\t\t\t\t\t\t\t\t\t<\/a>\n\t\t\t\t\t\t\t<a class=\"e-gallery-item elementor-gallery-item elementor-animated-content\" href=\"https:\/\/manuelacosta.es\/wp-content\/uploads\/2023\/05\/3.png\" data-elementor-open-lightbox=\"yes\" data-elementor-lightbox-slideshow=\"f08719a\" data-elementor-lightbox-title=\"3\" data-e-action-hash=\"#elementor-action%3Aaction%3Dlightbox%26settings%3DeyJpZCI6MjU4LCJ1cmwiOiJodHRwczpcL1wvbWFudWVsYWNvc3RhLmVzXC93cC1jb250ZW50XC91cGxvYWRzXC8yMDIzXC8wNVwvMy5wbmciLCJzbGlkZXNob3ciOiJmMDg3MTlhIn0%3D\">\n\t\t\t\t\t<div class=\"e-gallery-image elementor-gallery-item__image\" data-thumbnail=\"https:\/\/manuelacosta.es\/wp-content\/uploads\/2023\/05\/3-300x196.png\" data-width=\"300\" data-height=\"196\" aria-label=\"\" role=\"img\" ><\/div>\n\t\t\t\t\t\t\t\t\t\t\t<div class=\"elementor-gallery-item__overlay\"><\/div>\n\t\t\t\t\t\t\t\t\t\t\t\t\t\t<\/a>\n\t\t\t\t\t\t\t<a class=\"e-gallery-item elementor-gallery-item elementor-animated-content\" href=\"https:\/\/manuelacosta.es\/wp-content\/uploads\/2023\/05\/4.png\" data-elementor-open-lightbox=\"yes\" data-elementor-lightbox-slideshow=\"f08719a\" data-elementor-lightbox-title=\"4\" data-e-action-hash=\"#elementor-action%3Aaction%3Dlightbox%26settings%3DeyJpZCI6MjU5LCJ1cmwiOiJodHRwczpcL1wvbWFudWVsYWNvc3RhLmVzXC93cC1jb250ZW50XC91cGxvYWRzXC8yMDIzXC8wNVwvNC5wbmciLCJzbGlkZXNob3ciOiJmMDg3MTlhIn0%3D\">\n\t\t\t\t\t<div class=\"e-gallery-image elementor-gallery-item__image\" data-thumbnail=\"https:\/\/manuelacosta.es\/wp-content\/uploads\/2023\/05\/4-300x208.png\" data-width=\"300\" data-height=\"208\" aria-label=\"\" role=\"img\" ><\/div>\n\t\t\t\t\t\t\t\t\t\t\t<div class=\"elementor-gallery-item__overlay\"><\/div>\n\t\t\t\t\t\t\t\t\t\t\t\t\t\t<\/a>\n\t\t\t\t\t\t\t<a class=\"e-gallery-item elementor-gallery-item elementor-animated-content\" href=\"https:\/\/manuelacosta.es\/wp-content\/uploads\/2023\/05\/5.png\" data-elementor-open-lightbox=\"yes\" data-elementor-lightbox-slideshow=\"f08719a\" data-elementor-lightbox-title=\"5\" data-e-action-hash=\"#elementor-action%3Aaction%3Dlightbox%26settings%3DeyJpZCI6MjYwLCJ1cmwiOiJodHRwczpcL1wvbWFudWVsYWNvc3RhLmVzXC93cC1jb250ZW50XC91cGxvYWRzXC8yMDIzXC8wNVwvNS5wbmciLCJzbGlkZXNob3ciOiJmMDg3MTlhIn0%3D\">\n\t\t\t\t\t<div class=\"e-gallery-image elementor-gallery-item__image\" data-thumbnail=\"https:\/\/manuelacosta.es\/wp-content\/uploads\/2023\/05\/5-211x300.png\" data-width=\"211\" data-height=\"300\" aria-label=\"\" role=\"img\" ><\/div>\n\t\t\t\t\t\t\t\t\t\t\t<div class=\"elementor-gallery-item__overlay\"><\/div>\n\t\t\t\t\t\t\t\t\t\t\t\t\t\t<\/a>\n\t\t\t\t\t\t\t<a class=\"e-gallery-item elementor-gallery-item elementor-animated-content\" href=\"https:\/\/manuelacosta.es\/wp-content\/uploads\/2023\/05\/6.png\" data-elementor-open-lightbox=\"yes\" data-elementor-lightbox-slideshow=\"f08719a\" data-elementor-lightbox-title=\"6\" data-e-action-hash=\"#elementor-action%3Aaction%3Dlightbox%26settings%3DeyJpZCI6MjYxLCJ1cmwiOiJodHRwczpcL1wvbWFudWVsYWNvc3RhLmVzXC93cC1jb250ZW50XC91cGxvYWRzXC8yMDIzXC8wNVwvNi5wbmciLCJzbGlkZXNob3ciOiJmMDg3MTlhIn0%3D\">\n\t\t\t\t\t<div class=\"e-gallery-image elementor-gallery-item__image\" data-thumbnail=\"https:\/\/manuelacosta.es\/wp-content\/uploads\/2023\/05\/6-300x183.png\" data-width=\"300\" data-height=\"183\" aria-label=\"\" role=\"img\" ><\/div>\n\t\t\t\t\t\t\t\t\t\t\t<div class=\"elementor-gallery-item__overlay\"><\/div>\n\t\t\t\t\t\t\t\t\t\t\t\t\t\t<\/a>\n\t\t\t\t\t\t\t<a class=\"e-gallery-item elementor-gallery-item elementor-animated-content\" href=\"https:\/\/manuelacosta.es\/wp-content\/uploads\/2023\/05\/7.png\" data-elementor-open-lightbox=\"yes\" data-elementor-lightbox-slideshow=\"f08719a\" data-elementor-lightbox-title=\"7\" data-e-action-hash=\"#elementor-action%3Aaction%3Dlightbox%26settings%3DeyJpZCI6MjYyLCJ1cmwiOiJodHRwczpcL1wvbWFudWVsYWNvc3RhLmVzXC93cC1jb250ZW50XC91cGxvYWRzXC8yMDIzXC8wNVwvNy5wbmciLCJzbGlkZXNob3ciOiJmMDg3MTlhIn0%3D\">\n\t\t\t\t\t<div class=\"e-gallery-image elementor-gallery-item__image\" data-thumbnail=\"https:\/\/manuelacosta.es\/wp-content\/uploads\/2023\/05\/7-300x155.png\" data-width=\"300\" data-height=\"155\" aria-label=\"\" role=\"img\" ><\/div>\n\t\t\t\t\t\t\t\t\t\t\t<div class=\"elementor-gallery-item__overlay\"><\/div>\n\t\t\t\t\t\t\t\t\t\t\t\t\t\t<\/a>\n\t\t\t\t\t<\/div>\n\t\t\t\t\t<\/div>\n\t\t\t\t<\/div>\n\t\t\t\t\t<\/div>\n\t\t<\/div>\n\t\t\t\t\t<\/div>\n\t\t<\/section>\n\t\t\t\t<\/div>\n\t\t","protected":false},"excerpt":{"rendered":"<p>Sobre nosotros CONOCENOS M\u00e1s de 100 a\u00f1os de tradici\u00f3n Nuestra memoria llega hasta finales del siglo XIX cuando en la calle de \u00bb Las Morenas\u00bb (hoy Ram\u00f3n Au\u00f1on) y a escasos 100 Metros de la plaza del ayuntamiento de Mor\u00f3n de la Frontera exist\u00eda un comercio dedicado a la talabarter\u00eda que regentaba Juan Mart\u00ednez y [&hellip;]<\/p>\n","protected":false},"author":2,"featured_media":0,"parent":0,"menu_order":0,"comment_status":"closed","ping_status":"closed","template":"","meta":{"om_disable_all_campaigns":false,"_monsterinsights_skip_tracking":false,"_monsterinsights_sitenote_active":false,"_monsterinsights_sitenote_note":"","_monsterinsights_sitenote_category":0,"_uf_show_specific_survey":0,"_uf_disable_surveys":false,"site-sidebar-layout":"no-sidebar","site-content-layout":"page-builder","ast-site-content-layout":"default","site-content-style":"default","site-sidebar-style":"default","ast-global-header-display":"","ast-banner-title-visibility":"","ast-main-header-display":"","ast-hfb-above-header-display":"","ast-hfb-below-header-display":"","ast-hfb-mobile-header-display":"","site-post-title":"disabled","ast-breadcrumbs-content":"","ast-featured-img":"disabled","footer-sml-layout":"","ast-disable-related-posts":"","theme-transparent-header-meta":"default","adv-header-id-meta":"","stick-header-meta":"","header-above-stick-meta":"","header-main-stick-meta":"","header-below-stick-meta":"","astra-migrate-meta-layouts":"default","ast-page-background-enabled":"default","ast-page-background-meta":{"desktop":{"background-color":"var(--ast-global-color-4)","background-image":"","background-repeat":"repeat","background-position":"center center","background-size":"auto","background-attachment":"scroll","background-type":"","background-media":"","overlay-type":"","overlay-color":"","overlay-opacity":"","overlay-gradient":""},"tablet":{"background-color":"","background-image":"","background-repeat":"repeat","background-position":"center center","background-size":"auto","background-attachment":"scroll","background-type":"","background-media":"","overlay-type":"","overlay-color":"","overlay-opacity":"","overlay-gradient":""},"mobile":{"background-color":"","background-image":"","background-repeat":"repeat","background-position":"center center","background-size":"auto","background-attachment":"scroll","background-type":"","background-media":"","overlay-type":"","overlay-color":"","overlay-opacity":"","overlay-gradient":""}},"ast-content-background-meta":{"desktop":{"background-color":"var(--ast-global-color-5)","background-image":"","background-repeat":"repeat","background-position":"center center","background-size":"auto","background-attachment":"scroll","background-type":"","background-media":"","overlay-type":"","overlay-color":"","overlay-opacity":"","overlay-gradient":""},"tablet":{"background-color":"var(--ast-global-color-5)","background-image":"","background-repeat":"repeat","background-position":"center center","background-size":"auto","background-attachment":"scroll","background-type":"","background-media":"","overlay-type":"","overlay-color":"","overlay-opacity":"","overlay-gradient":""},"mobile":{"background-color":"var(--ast-global-color-5)","background-image":"","background-repeat":"repeat","background-position":"center center","background-size":"auto","background-attachment":"scroll","background-type":"","background-media":"","overlay-type":"","overlay-color":"","overlay-opacity":"","overlay-gradient":""}},"_joinchat":[],"footnotes":""},"class_list":["post-231","page","type-page","status-publish","hentry"],"aioseo_notices":[],"_links":{"self":[{"href":"https:\/\/manuelacosta.es\/en\/wp-json\/wp\/v2\/pages\/231","targetHints":{"allow":["GET"]}}],"collection":[{"href":"https:\/\/manuelacosta.es\/en\/wp-json\/wp\/v2\/pages"}],"about":[{"href":"https:\/\/manuelacosta.es\/en\/wp-json\/wp\/v2\/types\/page"}],"author":[{"embeddable":true,"href":"https:\/\/manuelacosta.es\/en\/wp-json\/wp\/v2\/users\/2"}],"replies":[{"embeddable":true,"href":"https:\/\/manuelacosta.es\/en\/wp-json\/wp\/v2\/comments?post=231"}],"version-history":[{"count":17,"href":"https:\/\/manuelacosta.es\/en\/wp-json\/wp\/v2\/pages\/231\/revisions"}],"predecessor-version":[{"id":718,"href":"https:\/\/manuelacosta.es\/en\/wp-json\/wp\/v2\/pages\/231\/revisions\/718"}],"wp:attachment":[{"href":"https:\/\/manuelacosta.es\/en\/wp-json\/wp\/v2\/media?parent=231"}],"curies":[{"name":"wp","href":"https:\/\/api.w.org\/{rel}","templated":true}]}}